{"id":24,"date":"2024-07-12T14:37:54","date_gmt":"2024-07-12T14:37:54","guid":{"rendered":"https:\/\/campus.grupocybersec.com\/?page_id=24"},"modified":"2024-07-12T14:43:39","modified_gmt":"2024-07-12T14:43:39","slug":"refund_returns","status":"publish","type":"page","link":"https:\/\/campus.grupocybersec.com\/index.php\/refund_returns\/","title":{"rendered":"Refund and Returns Policy"},"content":{"rendered":"\r\n<h2>T\u00e9rminos y Condiciones<\/h2>\r\n<h3>Pol\u00edtica de Cancelaciones y Reembolsos<\/h3>\r\n<ol>\r\n<li>\r\n<p><strong>Cursos de\u00a0 Exclusivos Ciberseguridad , CEH , Offsec:<\/strong><\/p>\r\n<ul>\r\n<li>Todos los pagos realizados por los cursos de Offsec OSCP son <strong>no reembolsables<\/strong>. Esto se debe a que las licencias para estos cursos se adquieren directamente de Offsec y no permiten devoluciones.<\/li>\r\n<li>Al realizar la compra de un curso de Offsec OSCP, el cliente acepta que no se realizar\u00e1n reembolsos bajo ninguna circunstancia.<\/li>\r\n<\/ul>\r\n<\/li>\r\n<li>\r\n<p><strong>Pol\u00edtica de Cancelaciones:<\/strong><\/p>\r\n<ul>\r\n<li>Dado que los pagos no son reembolsables, cualquier solicitud de cancelaci\u00f3n no resultar\u00e1 en un reembolso.<\/li>\r\n<li>Si el cliente desea cancelar su participaci\u00f3n en un curso, debe informarnos al menos 7 d\u00edas antes de la fecha de inicio del curso. Aunque no se otorgar\u00e1 un reembolso, podremos ofrecer la posibilidad de transferir la inscripci\u00f3n a otra fecha o curso, sujeto a disponibilidad y aprobaci\u00f3n.<\/li>\r\n<\/ul>\r\n<\/li>\r\n<\/ol>\r\n<h3>Informaci\u00f3n Adicional<\/h3>\r\n<ul>\r\n<li>\r\n<p><strong>Aceptaci\u00f3n:<\/strong><\/p>\r\n<ul>\r\n<li>Al completar la compra, el cliente reconoce y acepta los t\u00e9rminos y condiciones aqu\u00ed expuestos. El proceso de compra constituye la aceptaci\u00f3n de esta pol\u00edtica de cancelaciones y reembolsos.<\/li>\r\n<\/ul>\r\n<\/li>\r\n<li>\r\n<p><strong>Enmiendas a la Pol\u00edtica:<\/strong><\/p>\r\n<ul>\r\n<li>Nos reservamos el derecho de modificar estos t\u00e9rminos y condiciones en cualquier momento.<\/li>\r\n<\/ul>\r\n<\/li>\r\n<\/ul>\r\n","protected":false},"excerpt":{"rendered":"<p>T\u00e9rminos y Condiciones Pol\u00edtica de Cancelaciones y Reembolsos Cursos de\u00a0 Exclusivos Ciberseguridad , CEH , Offsec: Todos los pagos realizados por los cursos de Offsec OSCP son no reembolsables. Esto se debe a que las licencias para estos cursos se adquieren directamente de Offsec y no permiten devoluciones. Al realizar la compra de un curso [&hellip;]<\/p>\n","protected":false},"author":1,"featured_media":0,"parent":0,"menu_order":0,"comment_status":"closed","ping_status":"closed","template":"","meta":{"pmpro_default_level":0,"footnotes":""},"_links":{"self":[{"href":"https:\/\/campus.grupocybersec.com\/index.php\/wp-json\/wp\/v2\/pages\/24"}],"collection":[{"href":"https:\/\/campus.grupocybersec.com\/index.php\/wp-json\/wp\/v2\/pages"}],"about":[{"href":"https:\/\/campus.grupocybersec.com\/index.php\/wp-json\/wp\/v2\/types\/page"}],"author":[{"embeddable":true,"href":"https:\/\/campus.grupocybersec.com\/index.php\/wp-json\/wp\/v2\/users\/1"}],"replies":[{"embeddable":true,"href":"https:\/\/campus.grupocybersec.com\/index.php\/wp-json\/wp\/v2\/comments?post=24"}],"version-history":[{"count":3,"href":"https:\/\/campus.grupocybersec.com\/index.php\/wp-json\/wp\/v2\/pages\/24\/revisions"}],"predecessor-version":[{"id":8438,"href":"https:\/\/campus.grupocybersec.com\/index.php\/wp-json\/wp\/v2\/pages\/24\/revisions\/8438"}],"wp:attachment":[{"href":"https:\/\/campus.grupocybersec.com\/index.php\/wp-json\/wp\/v2\/media?parent=24"}],"curies":[{"name":"wp","href":"https:\/\/api.w.org\/{rel}","templated":true}]}}